{"id":46,"date":"2024-06-01T19:45:40","date_gmt":"2024-06-01T17:45:40","guid":{"rendered":"https:\/\/philippebouffet.com\/?page_id=46"},"modified":"2024-06-01T19:53:42","modified_gmt":"2024-06-01T17:53:42","slug":"a-propos-de-moi","status":"publish","type":"page","link":"https:\/\/philippebouffet.com\/index.php\/a-propos-de-moi\/","title":{"rendered":"A Propos de moi"},"content":{"rendered":"\n<p>Hello! Je m&rsquo;appelle Philippe Bouffet et je suis actuellement en poste chez Pure Storage en tant que Partner Technical Manager pour la France. Je suis depuis fin 2019 chez Pure et j&rsquo;ai \u00e9t\u00e9 auparavant dans diverses compagnies proposant des plateformes de donn\u00e9es. Le but de ce blog est de partager mes connaissances sur les solutions que propose Pure Storage. <\/p>\n\n\n\n<p><\/p>\n","protected":false},"excerpt":{"rendered":"<p>Hello! Je m&rsquo;appelle Philippe Bouffet et je suis actuellement en poste chez Pure Storage en tant que Partner Technical Manager pour la France. Je suis depuis fin 2019 chez Pure et j&rsquo;ai \u00e9t\u00e9 auparavant dans diverses compagnies proposant des plateformes de donn\u00e9es. Le but de ce blog est de partager mes connaissances sur les solutions [&hellip;]<\/p>\n","protected":false},"author":1,"featured_media":0,"parent":0,"menu_order":0,"comment_status":"closed","ping_status":"closed","template":"","meta":{"footnotes":""},"class_list":["post-46","page","type-page","status-publish","hentry"],"blocksy_meta":[],"_links":{"self":[{"href":"https:\/\/philippebouffet.com\/index.php\/wp-json\/wp\/v2\/pages\/46","targetHints":{"allow":["GET"]}}],"collection":[{"href":"https:\/\/philippebouffet.com\/index.php\/wp-json\/wp\/v2\/pages"}],"about":[{"href":"https:\/\/philippebouffet.com\/index.php\/wp-json\/wp\/v2\/types\/page"}],"author":[{"embeddable":true,"href":"https:\/\/philippebouffet.com\/index.php\/wp-json\/wp\/v2\/users\/1"}],"replies":[{"embeddable":true,"href":"https:\/\/philippebouffet.com\/index.php\/wp-json\/wp\/v2\/comments?post=46"}],"version-history":[{"count":1,"href":"https:\/\/philippebouffet.com\/index.php\/wp-json\/wp\/v2\/pages\/46\/revisions"}],"predecessor-version":[{"id":47,"href":"https:\/\/philippebouffet.com\/index.php\/wp-json\/wp\/v2\/pages\/46\/revisions\/47"}],"wp:attachment":[{"href":"https:\/\/philippebouffet.com\/index.php\/wp-json\/wp\/v2\/media?parent=46"}],"curies":[{"name":"wp","href":"https:\/\/api.w.org\/{rel}","templated":true}]}}